{"id":1049,"date":"2021-01-06T13:39:05","date_gmt":"2021-01-06T13:39:05","guid":{"rendered":"https:\/\/pozy-animal.com\/politika-kolacica\/"},"modified":"2022-09-29T19:20:08","modified_gmt":"2022-09-29T19:20:08","slug":"politika-kolacica","status":"publish","type":"page","link":"https:\/\/pozy-animal.com\/hr\/politika-kolacica\/","title":{"rendered":"Politika Kolacica"},"content":{"rendered":"<div class=\"cli_pg_page_contaner\">\r\n<h3>O ovoj politici kolacica<\/h3>\r\n<div>\r\n\r\nOva Pravila o kola\u010di\u0107ima obja\u0161njavaju \u0161to su kola\u010di\u0107i i kako ih koristimo. Trebali biste pro\u010ditati ovo pravilo da biste shvatili \u0161to su kola\u010di\u0107i, kako ih koristimo, vrste kola\u010di\u0107a koje koristimo, tj. Podatke koje prikupljamo pomo\u0107u kola\u010di\u0107a i kako se te informacije koriste i kako kontrolirati postavke kola\u010di\u0107a. Za dodatne informacije o tome kako koristimo, pohranjujemo i \u010duvamo va\u0161e osobne podatke, pogledajte na\u0161u Politiku privatnosti.\r\n\r\nMo\u017eete u bilo kojem trenutku promijeniti ili povu\u0107i svoj pristanak iz Izjave o kola\u010di\u0107ima na na\u0161oj web stranici. Saznajte vi\u0161e o tome tko smo, kako nas mo\u017eete kontaktirati i kako obra\u0111ujemo osobne podatke u na\u0161im Pravilima o privatnosti. Va\u0161 pristanak odnosi se na sljede\u0107e domene: <a href=\"https:\/\/pozy-animal.com\/hr\/\">pozy-animal.com<\/a>\r\n<div class=\"cli_user_consent_state\">Va\u0161e trenutno stanje: Nema pristanka. <a class=\"cli_manage_current_consent\" style=\"cursor:pointer;text-decoration:underline;\">Upravljajte svojim pristankom.<\/a> <\/div>\r\n\r\n<\/div>\r\n<h3>Sto su kolacici?<\/h3>\r\n<div>Kola\u010di\u0107i su male tekstualne datoteke koje se koriste za pohranu malih dijelova informacija. Kola\u010di\u0107i se pohranjuju na va\u0161 ure\u0111aj kada se web stranica u\u010dita u va\u0161 preglednik. Ovi kola\u010di\u0107i poma\u017eu nam da ispravno funkcioniramo web mjesto, u\u010dinimo web mjesto sigurnijim, pru\u017eamo bolje korisni\u010dko iskustvo i razumijemo kako web mjesto funkcionira i analiziramo \u0161to radi i gdje treba pobolj\u0161ati.<\/div>\r\n<div>\r\n<h3>Kako koristimo kolacice?<\/h3>\r\nKao i ve\u0107ina internetskih usluga, na\u0161a web stranica koristi kola\u010di\u0107e kola\u010di\u0107e prve i tre\u0107e strane u brojne svrhe. Kola\u010di\u0107i prve strane uglavnom su potrebni da web mjesto funkcionira na pravi na\u010din i ne prikupljaju nikakve va\u0161e osobne podatke.\r\n\r\nKola\u010di\u0107i tre\u0107e strane koji se upotrebljavaju na na\u0161im web stranicama uglavnom se koriste za razumijevanje izvedbe web mjesta, interakcije s na\u0161om web stranicom, odr\u017eavanje na\u0161ih usluga sigurnim, pru\u017eanje reklama koje su relevantne za vas i sve u svemu pru\u017eamo vam bolje i bolje korisni\u010dko iskustvo i pomo\u0107i vam da ubrzate budu\u0107e interakcije s na\u0161om web stranicom.\r\n\r\n<\/div>\r\n<div>\r\n<h3>Koje vrste kolacica koristimo?<\/h3>\r\n<strong>Bitno:<\/strong>\u00a0Neki su kola\u010di\u0107i klju\u010dni kako biste mogli do\u017eivjeti potpunu funkcionalnost na\u0161e web stranice. Omogu\u0107uju nam odr\u017eavanje korisni\u010dkih sesija i sprje\u010davanje bilo kakvih sigurnosnih prijetnji. Ne prikupljaju niti pohranjuju nikakve osobne podatke. Na primjer, ti kola\u010di\u0107i omogu\u0107uju vam da se prijavite na svoj ra\u010dun te dodate proizvode u svoju ko\u0161aricu i na siguran na\u010din.\r\n\r\n<strong>Statisti\u010dki podaci:<\/strong>\u00a0Ovi kola\u010di\u0107i pohranjuju informacije poput broja posjetitelja web stranice, broja jedinstvenih posjetitelja, koje su stranice posje\u0107ene, izvor posjete itd. Ovi nam podaci poma\u017eu da razumijemo i analiziramo uspje\u0161nost web stranice i tamo gdje treba pobolj\u0161anje.\r\n\r\n<strong>Marketing:<\/strong>\u00a0Na\u0161a web stranica prikazuje oglase. Ovi kola\u010di\u0107i koriste se za personaliziranje reklama koje vam prikazujemo tako da vam imaju smisla. Ovi kola\u010di\u0107i tako\u0111er nam poma\u017eu da pratimo u\u010dinkovitost ovih oglasnih kampanja.\r\n\r\nInformacije pohranjene u ovim kola\u010di\u0107ima tre\u0107i proizvo\u0111a\u010di oglasa mogu tako\u0111er koristiti za prikazivanje oglasa na ostalim web lokacijama u pregledniku.\r\n\r\n<strong>Funkcionalni:<\/strong>\u00a0Ovo su kola\u010di\u0107i koji poma\u017eu odre\u0111ene nebitne funkcionalnosti na na\u0161oj web stranici. Te funkcionalnosti uklju\u010duju ugradnju sadr\u017eaja poput videozapisa ili dijeljenje sadr\u017eaja na web mjestu na platformama dru\u0161tvenih medija.\r\n\r\n<strong>Postavke:<\/strong>\u00a0Ovi kola\u010di\u0107i poma\u017eu nam da pohranimo va\u0161e postavke i postavke pretra\u017eivanja poput preferencija jezika, tako da imate bolje i efikasnije iskustvo budu\u0107ih posjeta web mjestu.\r\n\r\n<p>The below list details the cookies used in our website.<\/p><table class=\"cookielawinfo-row-cat-table cookielawinfo-classic\"><thead><tr><th class=\"cookielawinfo-column-1\">Kola\u010di\u0107<\/th><th class=\"cookielawinfo-column-4\">Opis<\/th><\/tr><\/thead><tbody><tr class=\"cookielawinfo-row\"><td class=\"cookielawinfo-column-1\">_ga<\/td><td class=\"cookielawinfo-column-4\">Ovaj kola\u010di\u0107 instalirao je Google Analytics. Kola\u010di\u0107 se koristi za pohranu podataka o tome kako posjetitelji koriste web stranicu i poma\u017ee u stvaranju analiti\u010dkog izvje\u0161\u0107a o tome kako web stranica radi. Prikupljeni podaci, uklju\u010duju\u0107i broj posjetitelja, izvor odakle dolaze i stranice prikazane su u anonimnom obliku.<\/td><\/tr><tr class=\"cookielawinfo-row\"><td class=\"cookielawinfo-column-1\">_gat_gtag_UA_189322714_1<\/td><td class=\"cookielawinfo-column-4\">Bez opisa.<\/td><\/tr><tr class=\"cookielawinfo-row\"><td class=\"cookielawinfo-column-1\">_gid<\/td><td class=\"cookielawinfo-column-4\">Ovaj kola\u010di\u0107 instalirao je Google Analytics. Kola\u010di\u0107 se koristi za pohranu podataka o tome kako posjetitelji koriste web stranicu i poma\u017ee u stvaranju analiti\u010dkog izvje\u0161\u0107a o tome kako web stranica radi. Prikupljeni podaci, uklju\u010duju\u0107i broj posjetitelja, izvor odakle dolaze i stranice prikazane su u anonimnom obliku.<\/td><\/tr><tr class=\"cookielawinfo-row\"><td class=\"cookielawinfo-column-1\">cookielawinfo-checkbox-advertisement<\/td><td class=\"cookielawinfo-column-4\">Ovaj kola\u010di\u0107 postavlja dodatak GDPR Cookie Consent kako bi se zabilje\u017eio pristanak korisnika za kola\u010di\u0107e u kategoriji \"Reklamni Kola\u010di\u0107i\".<\/td><\/tr><tr class=\"cookielawinfo-row\"><td class=\"cookielawinfo-column-1\">cookielawinfo-checkbox-analytics<\/td><td class=\"cookielawinfo-column-4\"><span lang=\"hr\">Ovaj kola\u010di\u0107 postavlja dodatak GDPR Cookie Consent.<\/span>\u00a0Kola\u010di\u0107 se koristi za pohranu korisni\u010dkog pristanka za kola\u010di\u0107e u kategoriji \"Analiti\u010dki Kola\u010di\u0107i\".<\/td><\/tr><tr class=\"cookielawinfo-row\"><td class=\"cookielawinfo-column-1\">cookielawinfo-checkbox-functional<\/td><td class=\"cookielawinfo-column-4\">Ovaj kola\u010di\u0107 postavlja dodatak GDPR Cookie Consent\u00a0<span lang=\"hr\">za bilje\u017eenje korisni\u010dkog pristanka za kola\u010di\u0107e u kategoriji \"Funkcionalni Kola\u010di\u0107i\".<\/span><\/td><\/tr><tr class=\"cookielawinfo-row\"><td class=\"cookielawinfo-column-1\">cookielawinfo-checkbox-necessary<\/td><td class=\"cookielawinfo-column-4\">Ovaj kola\u010di\u0107 postavlja dodatak GDPR Cookie Consent. Kola\u010di\u0107i se koriste za pohranu korisni\u010dkog pristanka za kola\u010di\u0107e u kategoriji \"Potrebno\".<\/td><\/tr><tr class=\"cookielawinfo-row\"><td class=\"cookielawinfo-column-1\">cookielawinfo-checkbox-non-necessary<\/td><td class=\"cookielawinfo-column-4\">Ovaj kola\u010di\u0107 postavlja dodatak GDPR Cookie Consent. Kola\u010di\u0107i se koriste za pohranu korisni\u010dkog pristanka za kola\u010di\u0107e u kategoriji \"Nepotrebno\".<\/td><\/tr><tr class=\"cookielawinfo-row\"><td class=\"cookielawinfo-column-1\">cookielawinfo-checkbox-others<\/td><td class=\"cookielawinfo-column-4\">Bez opisa.<\/td><\/tr><tr class=\"cookielawinfo-row\"><td class=\"cookielawinfo-column-1\">cookielawinfo-checkbox-performance<\/td><td class=\"cookielawinfo-column-4\">Ovaj kola\u010di\u0107 postavlja dodatak GDPR Cookie Consent. Kola\u010di\u0107 se koristi za pohranu korisni\u010dkog pristanka za kola\u010di\u0107e u kategoriji \"Kola\u010di\u0107i Izvedbe\".<\/td><\/tr><\/tbody><\/table>\r\n\r\n<\/div>\r\n<h3>Kako mogu kontrolirati postavke kolacica?<\/h3>\r\n<div>\r\n<div>Ako odlu\u010dite naknadno promijeniti svoje postavke tijekom sesije pregledavanja, na zaslonu mo\u017eete kliknuti karticu \u201cPrivatnost i kola\u010di\u0107e\u201d. Ovo \u0107e opet prikazati obavijest o pristanku koja \u0107e vam omogu\u0107iti da promijenite svoje postavke ili u potpunosti povu\u010dete svoj pristanak.<\/div>\r\n<div><\/div>\r\n<div>Uz to, razli\u010diti preglednici pru\u017eaju razli\u010dite metode za blokiranje i brisanje kola\u010di\u0107a koje koriste web stranice. Mo\u017eete promijeniti postavke preglednika da biste blokirali\/izbrisali kola\u010di\u0107e. Da biste saznali vi\u0161e o upravljanju i brisanju kola\u010di\u0107a, posjetite wikipedia.org, www.allaboutcookies.org.<\/div>\r\n<\/div>\r\n<\/div>\r\n\r\n\r\n","protected":false},"excerpt":{"rendered":"<p>O ovoj politici kolacica Ova Pravila o kola\u010di\u0107ima obja\u0161njavaju \u0161to su kola\u010di\u0107i i kako ih koristimo. Trebali biste pro\u010ditati ovo pravilo da biste shvatili \u0161to su kola\u010di\u0107i, kako ih koristimo, vrste kola\u010di\u0107a koje koristimo, tj. Podatke koje prikupljamo pomo\u0107u kola\u010di\u0107a i kako se te informacije koriste i kako kontrolirati postavke kola\u010di\u0107a. Za dodatne informacije o &hellip;<\/p>\n<p class=\"read-more\"> <a class=\"\" href=\"https:\/\/pozy-animal.com\/hr\/politika-kolacica\/\"> <span class=\"screen-reader-text\">Politika Kolacica<\/span> Read More &raquo;<\/a><\/p>\n","protected":false},"author":1,"featured_media":0,"parent":0,"menu_order":0,"comment_status":"closed","ping_status":"closed","template":"","meta":{"site-sidebar-layout":"no-sidebar","site-content-layout":"plain-container","ast-site-content-layout":"","site-content-style":"default","site-sidebar-style":"default","ast-global-header-display":"","ast-banner-title-visibility":"","ast-main-header-display":"","ast-hfb-above-header-display":"","ast-hfb-below-header-display":"","ast-hfb-mobile-header-display":"","site-post-title":"","ast-breadcrumbs-content":"","ast-featured-img":"","footer-sml-layout":"","theme-transparent-header-meta":"default","adv-header-id-meta":"","stick-header-meta":"","header-above-stick-meta":"","header-main-stick-meta":"","header-below-stick-meta":"","astra-migrate-meta-layouts":"","footnotes":""},"yoast_head":"<!-- This site is optimized with the Yoast SEO plugin v21.4 - https:\/\/yoast.com\/wordpress\/plugins\/seo\/ -->\n<title>Politika Kolacica | Pozy Animal<\/title>\n<meta name=\"description\" content=\"O ovoj politici kolacica Ova Pravila o kola\u010di\u0107ima obja\u0161njavaju \u0161to su kola\u010di\u0107i i kako ih koristimo. Trebali biste pro\u010ditati ovo pravilo da biste shvatili\" \/>\n<meta name=\"robots\" content=\"index, follow, max-snippet:-1, max-image-preview:large, max-video-preview:-1\" \/>\n<link rel=\"canonical\" href=\"https:\/\/pozy-animal.com\/hr\/politika-kolacica\/\" \/>\n<meta property=\"og:locale\" content=\"hr_HR\" \/>\n<meta property=\"og:type\" content=\"article\" \/>\n<meta property=\"og:title\" content=\"Politika Kolacica | Pozy Animal\" \/>\n<meta property=\"og:description\" content=\"O ovoj politici kolacica Ova Pravila o kola\u010di\u0107ima obja\u0161njavaju \u0161to su kola\u010di\u0107i i kako ih koristimo. Trebali biste pro\u010ditati ovo pravilo da biste shvatili\" \/>\n<meta property=\"og:url\" content=\"https:\/\/pozy-animal.com\/hr\/politika-kolacica\/\" \/>\n<meta property=\"og:site_name\" content=\"Pozy Animal\" \/>\n<meta property=\"article:publisher\" content=\"https:\/\/www.facebook.com\/PozitronPlusProtection\" \/>\n<meta property=\"article:modified_time\" content=\"2022-09-29T19:20:08+00:00\" \/>\n<meta name=\"twitter:card\" content=\"summary_large_image\" \/>\n<meta name=\"twitter:label1\" content=\"Procijenjeno vrijeme \u010ditanja\" \/>\n\t<meta name=\"twitter:data1\" content=\"4 minute\" \/>\n<script type=\"application\/ld+json\" class=\"yoast-schema-graph\">{\"@context\":\"https:\/\/schema.org\",\"@graph\":[{\"@type\":\"WebPage\",\"@id\":\"https:\/\/pozy-animal.com\/hr\/politika-kolacica\/\",\"url\":\"https:\/\/pozy-animal.com\/hr\/politika-kolacica\/\",\"name\":\"Politika Kolacica | Pozy Animal\",\"isPartOf\":{\"@id\":\"https:\/\/pozy-animal.com\/#website\"},\"datePublished\":\"2021-01-06T13:39:05+00:00\",\"dateModified\":\"2022-09-29T19:20:08+00:00\",\"description\":\"O ovoj politici kolacica Ova Pravila o kola\u010di\u0107ima obja\u0161njavaju \u0161to su kola\u010di\u0107i i kako ih koristimo. Trebali biste pro\u010ditati ovo pravilo da biste shvatili\",\"breadcrumb\":{\"@id\":\"https:\/\/pozy-animal.com\/hr\/politika-kolacica\/#breadcrumb\"},\"inLanguage\":\"hr\",\"potentialAction\":[{\"@type\":\"ReadAction\",\"target\":[\"https:\/\/pozy-animal.com\/hr\/politika-kolacica\/\"]}]},{\"@type\":\"BreadcrumbList\",\"@id\":\"https:\/\/pozy-animal.com\/hr\/politika-kolacica\/#breadcrumb\",\"itemListElement\":[{\"@type\":\"ListItem\",\"position\":1,\"name\":\"Home\",\"item\":\"https:\/\/pozy-animal.com\/\"},{\"@type\":\"ListItem\",\"position\":2,\"name\":\"Politika Kolacica\"}]},{\"@type\":\"WebSite\",\"@id\":\"https:\/\/pozy-animal.com\/#website\",\"url\":\"https:\/\/pozy-animal.com\/\",\"name\":\"Pozy Animal\",\"description\":\"\",\"publisher\":{\"@id\":\"https:\/\/pozy-animal.com\/#organization\"},\"potentialAction\":[{\"@type\":\"SearchAction\",\"target\":{\"@type\":\"EntryPoint\",\"urlTemplate\":\"https:\/\/pozy-animal.com\/?s={search_term_string}\"},\"query-input\":\"required name=search_term_string\"}],\"inLanguage\":\"hr\"},{\"@type\":\"Organization\",\"@id\":\"https:\/\/pozy-animal.com\/#organization\",\"name\":\"Pozy Animal\",\"url\":\"https:\/\/pozy-animal.com\/\",\"logo\":{\"@type\":\"ImageObject\",\"inLanguage\":\"hr\",\"@id\":\"https:\/\/pozy-animal.com\/#\/schema\/logo\/image\/\",\"url\":\"https:\/\/pozy-animal.com\/wp-content\/uploads\/2020\/10\/Pozy-Animal.png\",\"contentUrl\":\"https:\/\/pozy-animal.com\/wp-content\/uploads\/2020\/10\/Pozy-Animal.png\",\"width\":1160,\"height\":617,\"caption\":\"Pozy Animal\"},\"image\":{\"@id\":\"https:\/\/pozy-animal.com\/#\/schema\/logo\/image\/\"},\"sameAs\":[\"https:\/\/www.facebook.com\/PozitronPlusProtection\",\"https:\/\/www.youtube.com\/channel\/UCHrklf6QjKGeco-8RVsK6Uw\",\"https:\/\/www.instagram.com\/pozitron_plus\/\"]}]}<\/script>\n<!-- \/ Yoast SEO plugin. -->","yoast_head_json":{"title":"Politika Kolacica | Pozy Animal","description":"O ovoj politici kolacica Ova Pravila o kola\u010di\u0107ima obja\u0161njavaju \u0161to su kola\u010di\u0107i i kako ih koristimo. Trebali biste pro\u010ditati ovo pravilo da biste shvatili","robots":{"index":"index","follow":"follow","max-snippet":"max-snippet:-1","max-image-preview":"max-image-preview:large","max-video-preview":"max-video-preview:-1"},"canonical":"https:\/\/pozy-animal.com\/hr\/politika-kolacica\/","og_locale":"hr_HR","og_type":"article","og_title":"Politika Kolacica | Pozy Animal","og_description":"O ovoj politici kolacica Ova Pravila o kola\u010di\u0107ima obja\u0161njavaju \u0161to su kola\u010di\u0107i i kako ih koristimo. Trebali biste pro\u010ditati ovo pravilo da biste shvatili","og_url":"https:\/\/pozy-animal.com\/hr\/politika-kolacica\/","og_site_name":"Pozy Animal","article_publisher":"https:\/\/www.facebook.com\/PozitronPlusProtection","article_modified_time":"2022-09-29T19:20:08+00:00","twitter_card":"summary_large_image","twitter_misc":{"Procijenjeno vrijeme \u010ditanja":"4 minute"},"schema":{"@context":"https:\/\/schema.org","@graph":[{"@type":"WebPage","@id":"https:\/\/pozy-animal.com\/hr\/politika-kolacica\/","url":"https:\/\/pozy-animal.com\/hr\/politika-kolacica\/","name":"Politika Kolacica | Pozy Animal","isPartOf":{"@id":"https:\/\/pozy-animal.com\/#website"},"datePublished":"2021-01-06T13:39:05+00:00","dateModified":"2022-09-29T19:20:08+00:00","description":"O ovoj politici kolacica Ova Pravila o kola\u010di\u0107ima obja\u0161njavaju \u0161to su kola\u010di\u0107i i kako ih koristimo. Trebali biste pro\u010ditati ovo pravilo da biste shvatili","breadcrumb":{"@id":"https:\/\/pozy-animal.com\/hr\/politika-kolacica\/#breadcrumb"},"inLanguage":"hr","potentialAction":[{"@type":"ReadAction","target":["https:\/\/pozy-animal.com\/hr\/politika-kolacica\/"]}]},{"@type":"BreadcrumbList","@id":"https:\/\/pozy-animal.com\/hr\/politika-kolacica\/#breadcrumb","itemListElement":[{"@type":"ListItem","position":1,"name":"Home","item":"https:\/\/pozy-animal.com\/"},{"@type":"ListItem","position":2,"name":"Politika Kolacica"}]},{"@type":"WebSite","@id":"https:\/\/pozy-animal.com\/#website","url":"https:\/\/pozy-animal.com\/","name":"Pozy Animal","description":"","publisher":{"@id":"https:\/\/pozy-animal.com\/#organization"},"potentialAction":[{"@type":"SearchAction","target":{"@type":"EntryPoint","urlTemplate":"https:\/\/pozy-animal.com\/?s={search_term_string}"},"query-input":"required name=search_term_string"}],"inLanguage":"hr"},{"@type":"Organization","@id":"https:\/\/pozy-animal.com\/#organization","name":"Pozy Animal","url":"https:\/\/pozy-animal.com\/","logo":{"@type":"ImageObject","inLanguage":"hr","@id":"https:\/\/pozy-animal.com\/#\/schema\/logo\/image\/","url":"https:\/\/pozy-animal.com\/wp-content\/uploads\/2020\/10\/Pozy-Animal.png","contentUrl":"https:\/\/pozy-animal.com\/wp-content\/uploads\/2020\/10\/Pozy-Animal.png","width":1160,"height":617,"caption":"Pozy Animal"},"image":{"@id":"https:\/\/pozy-animal.com\/#\/schema\/logo\/image\/"},"sameAs":["https:\/\/www.facebook.com\/PozitronPlusProtection","https:\/\/www.youtube.com\/channel\/UCHrklf6QjKGeco-8RVsK6Uw","https:\/\/www.instagram.com\/pozitron_plus\/"]}]}},"_links":{"self":[{"href":"https:\/\/pozy-animal.com\/hr\/wp-json\/wp\/v2\/pages\/1049"}],"collection":[{"href":"https:\/\/pozy-animal.com\/hr\/wp-json\/wp\/v2\/pages"}],"about":[{"href":"https:\/\/pozy-animal.com\/hr\/wp-json\/wp\/v2\/types\/page"}],"author":[{"embeddable":true,"href":"https:\/\/pozy-animal.com\/hr\/wp-json\/wp\/v2\/users\/1"}],"replies":[{"embeddable":true,"href":"https:\/\/pozy-animal.com\/hr\/wp-json\/wp\/v2\/comments?post=1049"}],"version-history":[{"count":2,"href":"https:\/\/pozy-animal.com\/hr\/wp-json\/wp\/v2\/pages\/1049\/revisions"}],"predecessor-version":[{"id":1518,"href":"https:\/\/pozy-animal.com\/hr\/wp-json\/wp\/v2\/pages\/1049\/revisions\/1518"}],"wp:attachment":[{"href":"https:\/\/pozy-animal.com\/hr\/wp-json\/wp\/v2\/media?parent=1049"}],"curies":[{"name":"wp","href":"https:\/\/api.w.org\/{rel}","templated":true}]}}